{"id":33,"date":"2015-12-11T13:57:44","date_gmt":"2015-12-11T13:57:44","guid":{"rendered":"https:\/\/hybridacademy26.fr\/www\/hybridacademy\/?page_id=33"},"modified":"2025-09-22T14:02:39","modified_gmt":"2025-09-22T12:02:39","slug":"sejours","status":"publish","type":"page","link":"https:\/\/hybridacademy26.fr\/index.php\/sejours\/","title":{"rendered":"S\u00e9jours"},"content":{"rendered":"<div class=\"wpb-content-wrapper\"><p>[vc_row full_width=\u00a0\u00bbstretch_row\u00a0\u00bb][vc_column]<div class=\"sc_content content_wrap\" style=\"padding: 4em 0 2.5em 0;\"><h5 class=\"sc_title sc_title_regular sc_align_center margin_bottom_tiny-\" style=\"letter-spacing: 11.5px;text-align:center;color:#afafb0;font-weight:700;font-size:0.833em;\">Bienvenue<\/h5><h2 class=\"sc_title sc_title_regular sc_align_center\" style=\"text-align:center;\">S\u00e9jour Sport &amp; D\u00e9tente \u00e0 Apt<\/h2>[vc_column_text css=\u00a0\u00bb.vc_custom_1749940227047{margin-top: 12px !important;margin-bottom: -10px !important;}\u00a0\u00bb]<\/p>\n<p style=\"text-align: center; font-size: 1.111em; line-height: 30px;\">Une escapade sportive au <b>Centre Ludisevasion<\/b><\/p>\n<p>[\/vc_column_text]<div class=\"columns_wrap sc_columns columns_nofluid sc_columns_count_4 margin_top_large\"><div class=\"column-1_4 sc_column_item sc_column_item_1 odd first\" style=\"text-align: center; padding: 1em 0 4em 0;\"><span class=\"sc_icon icon-icon1\" style=\"font-size:3.2em; line-height: 1em;\"><\/span><h5 class=\"sc_title sc_title_regular margin_bottom_small\" style=\"font-size:1.2222em;\">Sport<\/h5><\/div><div class=\"column-1_4 sc_column_item sc_column_item_2 even\" style=\"border-left: 1px solid rgba(69,71,72,0.7);text-align: center; padding: 1em 0 4em 0;\"><span class=\"sc_icon icon-icon2\" style=\"font-size:3.2em; line-height: 1em;\"><\/span><h5 class=\"sc_title sc_title_regular margin_bottom_small\" style=\"font-size:1.2222em;\">Coh\u00e9sion<\/h5><\/div><div class=\"column-1_4 sc_column_item sc_column_item_3 odd\" style=\"border-left: 1px solid rgba(69,71,72,0.7);text-align: center; padding: 1em 0 4em 0;\"><span class=\"sc_icon icon-food-light\" style=\"font-size:3.2em; line-height: 1em;\"><\/span><h5 class=\"sc_title sc_title_regular margin_bottom_small\" style=\"font-size:1.2222em;\">Nutrition<\/h5><\/div><div class=\"column-1_4 sc_column_item sc_column_item_4 even\" style=\"border-left: 1px solid rgba(69,71,72,0.7);text-align: center; padding: 1em 0 4em 0;\"><span class=\"sc_icon icon-icon3\" style=\"font-size:3.2em; line-height: 1em;\"><\/span><h5 class=\"sc_title sc_title_regular margin_bottom_small\" style=\"font-size:1.2222em;\">On s&rsquo;occupe de <span style=\"color: #70a903;\">TOUT<\/span><\/h5><\/div><\/div><\/div>[vc_column_text css=\u00a0\u00bb\u00a0\u00bb]<\/p>\n<h3><b>Dates au choix :<\/b><\/h3>\n<p><span style=\"font-weight: 400;\">\ud83d\udcc6 <\/span><del><b>Week-end du 6 &amp; 7 septembre 2025<\/b><\/del><b><br \/>\n<\/b><span style=\"font-weight: 400;\">\ud83d\udcc6 <\/span><del><b>Week-end du 13 &amp; 14 septembre 2025<\/b><\/del><\/p>\n<p><span style=\"font-weight: 400;\">\ud83d\udcc6 <\/span><b>Week-end du 17 &amp; 18 janvier 2026<\/b><\/p>\n<p>&nbsp;<\/p>\n<p>&nbsp;<\/p>\n<h3><b>\ud83d\udccd Lieu : Apt (84) \u2013 Centre Ludisevasion<\/b><\/h3>\n<p><span style=\"font-weight: 400;\">\ud83c\udf10 D\u00e9couvre le lieu : <\/span><a href=\"https:\/\/ludisevasion.fr\/luberon\"><span style=\"font-weight: 400;\">ludisevasion.fr\/luberon<\/span><\/a><\/p>\n<h3><b>\ud83d\udecf\ufe0f H\u00e9bergement : Chalets tout confort en pension compl\u00e8te<\/b><\/h3>\n<p><i><span style=\"font-weight: 400;\">(repas pr\u00e9par\u00e9s par un traiteur + collations incluses)<\/span><\/i><\/p>\n<h3><\/h3>\n<h3><b>Un programme complet pour ton corps et ton esprit<\/b><\/h3>\n<p>&nbsp;<\/p>\n<p><span style=\"font-weight: 400;\">\ud83e\uddd8\u200d\u2640\ufe0f <\/span><b>Cours de Yoga le matin<\/b><span style=\"font-weight: 400;\"> pour un r\u00e9veil en douceur<\/span><\/p>\n<p>&nbsp;<\/p>\n<p><span style=\"font-weight: 400;\">\ud83d\udc5f <\/span><b>Activit\u00e9s sportives coach\u00e9es par des pros<\/b><span style=\"font-weight: 400;\"> :<\/span><\/p>\n<ul>\n<li style=\"font-weight: 400;\" aria-level=\"1\"><span style=\"font-weight: 400;\">Cours de <\/span><b>renforcement musculaire<\/b><span style=\"font-weight: 400;\">, enseign\u00e9s par un coach dipl\u00f4m\u00e9 d\u2019\u00c9tat<\/span><\/li>\n<li style=\"font-weight: 400;\" aria-level=\"1\"><span style=\"font-weight: 400;\">S\u00e9ances de <\/span><b>natation<\/b><span style=\"font-weight: 400;\"> accessibles aux d\u00e9butants comme aux confirm\u00e9s : apprentissage ou perfectionnement.<\/span><span style=\"font-weight: 400;\"><br \/>\n<\/span><span style=\"font-weight: 400;\">Le coach natation a plusieurs ann\u00e9es d\u2019exp\u00e9rience, notamment au club de triathlon de Valence.<\/span><\/li>\n<li style=\"font-weight: 400;\" aria-level=\"1\"><span style=\"font-weight: 400;\">Coaching personnalis\u00e9<\/span><\/li>\n<\/ul>\n<p>&nbsp;<\/p>\n<p><span style=\"font-weight: 400;\">\ud83e\udde0 <\/span><b>Conf\u00e9rences sant\u00e9 et sport<\/b><span style=\"font-weight: 400;\"> :<\/span><\/p>\n<ul>\n<li style=\"font-weight: 400;\" aria-level=\"1\"><b>Nutrition : comprendre, adapter, \u00e9voluer<\/b><\/li>\n<li style=\"font-weight: 400;\" aria-level=\"1\"><b>Fr\u00e9quence cardiaque : mieux s&rsquo;entra\u00eener, mieux r\u00e9cup\u00e9rer<\/b><\/li>\n<\/ul>\n<p>&nbsp;<\/p>\n<p><span style=\"font-weight: 400;\">\ud83e\uddd6\u200d\u2640\ufe0f <\/span><b>Bien-\u00eatre &amp; r\u00e9cup\u00e9ration<\/b><span style=\"font-weight: 400;\"> :<\/span><\/p>\n<ul>\n<li style=\"font-weight: 400;\" aria-level=\"1\"><span style=\"font-weight: 400;\">Acc\u00e8s <\/span><b>jacuzzi<\/b><\/li>\n<li style=\"font-weight: 400;\" aria-level=\"1\"><span style=\"font-weight: 400;\">Bain de <\/span><b>cryoth\u00e9rapie<\/b><\/li>\n<li style=\"font-weight: 400;\" aria-level=\"1\"><span style=\"font-weight: 400;\">Temps calmes : <\/span><b>sieste<\/b><span style=\"font-weight: 400;\">, <\/span><b>farniente<\/b><span style=\"font-weight: 400;\">, <\/span><b>p\u00e9tanque<\/b><\/li>\n<\/ul>\n<h3><\/h3>\n<h3><b>\ud83c\udf89 Des soir\u00e9es inoubliables<\/b><\/h3>\n<p><span style=\"font-weight: 400;\">\ud83c\udfa4 <\/span><b>Blind tests<\/b><span style=\"font-weight: 400;\">, \ud83c\udf79 <\/span><b>ap\u00e9ros quiz<\/b><span style=\"font-weight: 400;\">, et des moments de convivialit\u00e9 en pleine nature.<\/span><\/p>\n<h3><\/h3>\n<h3><b>Tarifs :<\/b><\/h3>\n<ul>\n<li style=\"font-weight: 400;\" aria-level=\"1\"><b>Week-ends de septembre (2 jours)<\/b><span style=\"font-weight: 400;\"> : <\/span><b>329\u20ac tout compris<\/b><\/li>\n<li style=\"font-weight: 400;\" aria-level=\"1\"><b>S\u00e9jour long du 13 au 17 mai 2026 (5 jours)<\/b><span style=\"font-weight: 400;\"> : tarif sur demande<\/span><\/li>\n<\/ul>\n<p><span style=\"font-weight: 400;\">\u2714 Transport aller-retour<\/span><span style=\"font-weight: 400;\"><br \/>\n<\/span><span style=\"font-weight: 400;\">\u2714 H\u00e9bergement en chalet<\/span><span style=\"font-weight: 400;\"><br \/>\n<\/span><span style=\"font-weight: 400;\">\u2714 Pension compl\u00e8te + collations<\/span><span style=\"font-weight: 400;\"><br \/>\n<\/span><span style=\"font-weight: 400;\">\u2714 Toutes les activit\u00e9s &amp; \u00e9quipements inclus<\/span><\/p>\n<h3><\/h3>\n<h3><b>\u26a0\ufe0f Attention : places limit\u00e9es \u00e0 20 participants par s\u00e9jour !<\/b><\/h3>\n<p><span style=\"font-weight: 400;\">Les inscriptions sont d\u00e9j\u00e0 ouvertes et les places se remplissent vite.<\/span><\/p>\n<h3><\/h3>\n<h3><b>\ud83d\udce9 R\u00e9serve d\u00e8s maintenant<\/b><\/h3>\n<p><span style=\"font-weight: 400;\">Viens bouger, te d\u00e9tendre, apprendre\u2026 et surtout t\u2019\u00e9clater !<\/span><span style=\"font-weight: 400;\"><br \/>\n<\/span><\/p>\n<p><span style=\"font-weight: 400;\">\ud83d\udd17 Plus d\u2019infos sur le lieu : <\/span><a href=\"https:\/\/ludisevasion.fr\/luberon\"><span style=\"font-weight: 400;\">https:\/\/ludisevasion.fr\/luberon<\/span><\/a><\/p>\n<h3><\/h3>\n<h3><b>\ud83d\udcde Besoin de plus d\u2019infos ?<\/b><\/h3>\n<p><span style=\"font-weight: 400;\">\ud83d\udcf1 <\/span><b>T\u00e9l\u00e9phone<\/b><span style=\"font-weight: 400;\"> : 06 20 19 33 13<\/span><span style=\"font-weight: 400;\"><br \/>\n<\/span><span style=\"font-weight: 400;\">\ud83d\udce7 <\/span><b>Email<\/b><span style=\"font-weight: 400;\"> : contact@hybridacademy26.fr<\/span><span style=\"font-weight: 400;\"><br \/>\n<\/span>[\/vc_column_text][vc_empty_space][vc_empty_space][\/vc_column][\/vc_row][vc_row full_width=\u00a0\u00bbstretch_row_content\u00a0\u00bb][vc_column width=\u00a0\u00bb1\/2&Prime;]<div class=\"columns_wrap sc_columns columns_nofluid sc_columns_count_1\"><div class=\"column-1_1 sc_column_item sc_column_item_1 odd first\">[vc_pricing_table heading=\u00a0\u00bbS\u00e9jour 6 &amp; 7 septembre 2025&Prime; subheading=\u00a0\u00bbCentre Ludisevasion\u00a0\u00bb currency=\u00a0\u00bb\u20ac\u00a0\u00bb price=\u00a0\u00bb329&Prime; period=\u00a0\u00bb\/pers\u00a0\u00bb markers_color=\u00a0\u00bb#70A906&Prime; btn_title=\u00a0\u00bbJe r\u00e9serve\u00a0\u00bb btn_style=\u00a0\u00bbmodern\u00a0\u00bb btn_css_animation=\u00a0\u00bbbounceIn\u00a0\u00bb css=\u00a0\u00bb.vc_custom_1749942882924{background-color: #ECECEC !important;}\u00a0\u00bb btn_link=\u00a0\u00bburl:https%3A%2F%2Fdocs.google.com%2Fforms%2Fd%2Fe%2F1FAIpQLSfhyWLkJAJyMzeXr9Wj7VQu1pyYaCSmsU3DUA2nEUnd6sIw2g%2Fviewform|target:_blank\u00a0\u00bb]<\/p>\n<ul class=\"wpb-plan-features\">\n<li>Transport A\/R<\/li>\n<li>All inclusive<\/li>\n<li>Conf\u00e9rences<\/li>\n<li>Coaching &amp; Accompagnement<\/li>\n<\/ul>\n<p>[\/vc_pricing_table]<\/div><\/div>[vc_empty_space]<div class=\"columns_wrap sc_columns columns_nofluid sc_columns_count_1\"><div class=\"column-1_1 sc_column_item sc_column_item_1 odd first\"><figure class=\"sc_image  sc_image_shape_square\"><img decoding=\"async\" src=\"https:\/\/hybridacademy26.fr\/wp-content\/uploads\/2025\/06\/Planning_sejour.png\" alt=\"\" \/><\/figure><\/div><\/div>[\/vc_column][vc_column width=\u00a0\u00bb1\/2&Prime;]<div class=\"columns_wrap sc_columns columns_nofluid sc_columns_count_1\"><div class=\"column-1_1 sc_column_item sc_column_item_1 odd first\">[vc_pricing_table heading=\u00a0\u00bbS\u00e9jour 13 &amp; 14 septembre 2025&Prime; subheading=\u00a0\u00bbCentre Ludisevasion\u00a0\u00bb currency=\u00a0\u00bb\u20ac\u00a0\u00bb price=\u00a0\u00bb329&Prime; period=\u00a0\u00bb\/pers\u00a0\u00bb markers_color=\u00a0\u00bb#70A906&Prime; btn_title=\u00a0\u00bbJe r\u00e9serve\u00a0\u00bb btn_style=\u00a0\u00bbmodern\u00a0\u00bb btn_css_animation=\u00a0\u00bbbounceIn\u00a0\u00bb css=\u00a0\u00bb.vc_custom_1749942949065{background-color: #ECECEC !important;}\u00a0\u00bb btn_link=\u00a0\u00bburl:https%3A%2F%2Fdocs.google.com%2Fforms%2Fd%2Fe%2F1FAIpQLSfhyWLkJAJyMzeXr9Wj7VQu1pyYaCSmsU3DUA2nEUnd6sIw2g%2Fviewform|target:_blank\u00a0\u00bb]<\/p>\n<ul class=\"wpb-plan-features\">\n<li>Transport A\/R<\/li>\n<li>All inclusive<\/li>\n<li>Conf\u00e9rences<\/li>\n<li>Coaching &amp; Accompagnement<\/li>\n<\/ul>\n<p>[\/vc_pricing_table]<\/div><\/div>[vc_empty_space]<div class=\"columns_wrap sc_columns columns_nofluid sc_columns_count_1\"><div class=\"column-1_1 sc_column_item sc_column_item_1 odd first\"><figure class=\"sc_image  sc_image_shape_square\"><img decoding=\"async\" src=\"https:\/\/hybridacademy26.fr\/wp-content\/uploads\/2025\/06\/Planning_sejour2.png\" alt=\"\" \/><\/figure><\/div><\/div>[\/vc_column][\/vc_row][vc_row][vc_column]<div class=\"columns_wrap sc_columns columns_nofluid sc_columns_count_2\"><div class=\"column-1_2 sc_column_item sc_column_item_1 odd first\"><h3 class=\"sc_title sc_title_regular\">FAQ<\/h3>[vc_tta_accordion active_section=\u00a0\u00bb1&Prime; css=\u00a0\u00bb.vc_custom_1750252755993{background-color: #EBE7DD !important;}\u00a0\u00bb][vc_tta_section title=\u00a0\u00bbQuel est le contenu du s\u00e9jour ?\u00a0\u00bb tab_id=\u00a0\u00bb1750251100988-ee7d3d6b-ce31&Prime;][vc_column_text css=\u00a0\u00bb\u00a0\u00bb]Le contenu de nos s\u00e9jours complet proposent une vari\u00e9t\u00e9 d&rsquo;activit\u00e9s sportives adapt\u00e9es \u00e0 tous les niveaux.<\/p>\n<p>Chaque s\u00e9jour est con\u00e7u pour \u00e9quilibrer activit\u00e9 et relaxation afin de vous offrir une exp\u00e9rience inoubliable.[\/vc_column_text][\/vc_tta_section][vc_tta_section title=\u00a0\u00bbEst-il possible de payer en plusieurs fois ?\u00a0\u00bb tab_id=\u00a0\u00bb1750251100998-13ea9aa0-7820&Prime;][vc_column_text css=\u00a0\u00bb\u00a0\u00bb]Oui, nous offrons la possibilit\u00e9 de r\u00e9gler votre s\u00e9jour en plusieurs fois.<\/p>\n<p>N&rsquo;h\u00e9sitez pas \u00e0 nous contacter pour plus de d\u00e9tails sur les modalit\u00e9s.[\/vc_column_text][\/vc_tta_section][vc_tta_section title=\u00a0\u00bbLes s\u00e9jours sont-ils accessibles \u00e0 tous ?\u00a0\u00bb tab_id=\u00a0\u00bb1750252153544-ceebcaa2-d6ad\u00a0\u00bb][vc_column_text css=\u00a0\u00bb\u00a0\u00bb]Oui, nous proposons des s\u00e9jours adapt\u00e9s \u00e0 tous les niveaux physiques et \u00e0 tous les \u00e2ges. Que vous soyez d\u00e9butant ou sportif exp\u00e9riment\u00e9, nos activit\u00e9s sont pens\u00e9es pour \u00eatre inclusives et personnalisables selon vos besoins.[\/vc_column_text][\/vc_tta_section][vc_tta_section title=\u00a0\u00bbComment se d\u00e9roule le transport ?\u00a0\u00bb tab_id=\u00a0\u00bb1750252156067-806b3e3a-5de2&Prime;][vc_column_text css=\u00a0\u00bb\u00a0\u00bb]Le transport est compris Aller\/Retour[\/vc_column_text][\/vc_tta_section][vc_tta_section title=\u00a0\u00bbO\u00f9 vais-je dormir ?\u00a0\u00bb tab_id=\u00a0\u00bb1750252250334-53759d28-d9ea\u00a0\u00bb][vc_column_text css=\u00a0\u00bb\u00a0\u00bb]Directement sur place, nous r\u00e9servons un ou plusieurs chalets pouvant accueillir env 10\/12 personnes.[\/vc_column_text][\/vc_tta_section][vc_tta_section title=\u00a0\u00bbQuel est le r\u00f4le du coach et de l&rsquo;accompagnement ?\u00a0\u00bb tab_id=\u00a0\u00bb1750252251883-28ca2e32-a801&Prime;][vc_column_text css=\u00a0\u00bb\u00a0\u00bb]Nos coachs et guides exp\u00e9riment\u00e9s sont l\u00e0 pour vous encadrer tout au long du s\u00e9jour. Ils vous aideront \u00e0 d\u00e9couvrir de nouvelles pratiques sportives, \u00e0 progresser dans votre activit\u00e9 favorite et \u00e0 vous accompagner dans vos moments de d\u00e9tente.[\/vc_column_text][\/vc_tta_section][\/vc_tta_accordion]<\/div><div class=\"column-1_2 sc_column_item sc_column_item_2 even\">[vc_empty_space height=\u00a0\u00bb64px\u00a0\u00bb][vc_gallery interval=\u00a0\u00bb3&Prime; images=\u00a0\u00bb2914,3011,3012,3016,3019,3022,3021,3025&Prime; css=\u00a0\u00bb\u00a0\u00bb]<\/div><\/div>[\/vc_column][\/vc_row][vc_row full_width=\u00a0\u00bbstretch_row\u00a0\u00bb disable_element=\u00a0\u00bbyes\u00a0\u00bb css=\u00a0\u00bb.vc_custom_1749945300940{background-image: url(https:\/\/hybridacademy26.fr\/www\/hybridacademy\/wp-content\/uploads\/2015\/12\/bg_home3_testimonials.jpg?id=896) !important;}\u00a0\u00bb][vc_column]<div class=\"sc_content content_wrap\" style=\"padding: 3.14em 0;\"><div id=\"sc_testimonials_1212401\" class=\"sc_testimonials sc_testimonials_style_testimonials-2  sc_slider_swiper swiper-slider-container sc_slider_pagination sc_slider_pagination_bottom sc_slider_nocontrols\" data-interval=\"6082\" data-slides-min-width=\"250\" style=\"width:100%;\"><div class=\"slides swiper-wrapper\"><div class=\"swiper-slide\" data-style=\"width:100%;\" style=\"width:100%;\">\t\t\t<div id=\"sc_testimonials_1212401_1\" class=\"sc_testimonial_item\">\n\t\t\t\t<div class=\"sc_testimonial_content\"><p>It is an awesome workout! I have seen significant changes in my strength, endurance, and shape. CrossFit IronFit is for you if you want to build a better body.<\/p><\/div>\n\t\t\t\t\t\t\t\t<div class=\"sc_testimonial_author\"><span class=\"sc_testimonial_author_name\">Cecil Cain<\/span><\/div>\n\t\t\t\t\t\t\t<\/div>\n\t\t<\/div><div class=\"swiper-slide\" data-style=\"width:100%;\" style=\"width:100%;\">\t\t\t<div id=\"sc_testimonials_1212401_2\" class=\"sc_testimonial_item\">\n\t\t\t\t<div class=\"sc_testimonial_content\"><p>I\u2019ve lost over 110 pounds so far and it\u2019s changed my life. Your coaches have given me the tools, motivation, and the support I needed to become the person that I am today. The staff is great! It\u2019s like a 2nd family.<\/p><\/div>\n\t\t\t\t\t\t\t\t<div class=\"sc_testimonial_author\"><span class=\"sc_testimonial_author_name\">Jo Goodwin<\/span><\/div>\n\t\t\t\t\t\t\t<\/div>\n\t\t<\/div><div class=\"swiper-slide\" data-style=\"width:100%;\" style=\"width:100%;\">\t\t\t<div id=\"sc_testimonials_1212401_3\" class=\"sc_testimonial_item\">\n\t\t\t\t<div class=\"sc_testimonial_content\"><p>This is a welcoming place. I'm new to crossfit and the trainers work with you at your level. I'm 35 and I see all ages at this gym.<\/p><\/div>\n\t\t\t\t\t\t\t\t<div class=\"sc_testimonial_author\"><span class=\"sc_testimonial_author_name\">Wilbert Day<\/span><\/div>\n\t\t\t\t\t\t\t<\/div>\n\t\t<\/div><\/div><div class=\"sc_slider_controls_wrap\"><a class=\"sc_slider_prev\" href=\"#\"><\/a><a class=\"sc_slider_next\" href=\"#\"><\/a><\/div><div class=\"sc_slider_pagination_wrap\"><\/div><\/div><\/div>[\/vc_column][\/vc_row][vc_row full_width=\u00a0\u00bbstretch_row_content_no_spaces\u00a0\u00bb css=\u00a0\u00bb.vc_custom_1454582620318{background-color: #70a903 !important;}\u00a0\u00bb][vc_column]<div class=\"sc_content content_wrap home-1-block-4 \" style=\"padding: 2.8em 0 0.9em;\"><h3 class=\"sc_title sc_title_regular sc_align_center margin_bottom_null\" style=\"margin-top: -5px;text-align:center;color:#ffffff;\">Je r\u00e9serve<\/h3><a href=\"https:\/\/docs.google.com\/forms\/d\/e\/1FAIpQLSfhyWLkJAJyMzeXr9Wj7VQu1pyYaCSmsU3DUA2nEUnd6sIw2g\/viewform\" class=\"sc_button sc_button_square sc_button_style_style1 sc_button_size_medium aligncenter\" style=\"````\">ICI<\/a><\/div>[\/vc_column][\/vc_row]<\/p>\n<\/div>","protected":false},"excerpt":{"rendered":"<p>[vc_row full_width=\u00a0\u00bbstretch_row\u00a0\u00bb][vc_column][vc_column_text css=\u00a0\u00bb\u00a0\u00bb] Dates au choix : \ud83d\udcc6 Week-end du 6 &amp; 7 septembre 2025 \ud83d\udcc6 Week-end du 13 &amp; 14 septembre 2025 \ud83d\udcc6 Week-end du 17 &amp; 18 janvier 2026 &nbsp; &nbsp; \ud83d\udccd Lieu : Apt (84) \u2013 Centre Ludisevasion \ud83c\udf10 D\u00e9couvre le lieu : ludisevasion.fr\/luberon \ud83d\udecf\ufe0f H\u00e9bergement : Chalets tout confort en pension [&hellip;]<\/p>\n","protected":false},"author":1,"featured_media":0,"parent":0,"menu_order":0,"comment_status":"closed","ping_status":"closed","template":"","meta":{"footnotes":""},"class_list":["post-33","page","type-page","status-publish","hentry"],"_links":{"self":[{"href":"https:\/\/hybridacademy26.fr\/index.php\/wp-json\/wp\/v2\/pages\/33","targetHints":{"allow":["GET"]}}],"collection":[{"href":"https:\/\/hybridacademy26.fr\/index.php\/wp-json\/wp\/v2\/pages"}],"about":[{"href":"https:\/\/hybridacademy26.fr\/index.php\/wp-json\/wp\/v2\/types\/page"}],"author":[{"embeddable":true,"href":"https:\/\/hybridacademy26.fr\/index.php\/wp-json\/wp\/v2\/users\/1"}],"replies":[{"embeddable":true,"href":"https:\/\/hybridacademy26.fr\/index.php\/wp-json\/wp\/v2\/comments?post=33"}],"version-history":[{"count":52,"href":"https:\/\/hybridacademy26.fr\/index.php\/wp-json\/wp\/v2\/pages\/33\/revisions"}],"predecessor-version":[{"id":3064,"href":"https:\/\/hybridacademy26.fr\/index.php\/wp-json\/wp\/v2\/pages\/33\/revisions\/3064"}],"wp:attachment":[{"href":"https:\/\/hybridacademy26.fr\/index.php\/wp-json\/wp\/v2\/media?parent=33"}],"curies":[{"name":"wp","href":"https:\/\/api.w.org\/{rel}","templated":true}]}}