{"id":1935,"date":"2018-09-10T12:32:54","date_gmt":"2018-09-10T12:32:54","guid":{"rendered":"https:\/\/hybridacademy26.fr\/www\/hybridacademy\/?page_id=1935"},"modified":"2025-06-25T22:51:28","modified_gmt":"2025-06-25T20:51:28","slug":"mentions-legales-cgv","status":"publish","type":"page","link":"https:\/\/hybridacademy26.fr\/index.php\/mentions-legales-cgv\/","title":{"rendered":"Mentions L\u00e9gales &#038; CGV"},"content":{"rendered":"<div class=\"wpb-content-wrapper\"><p>[vc_row hide_bg_image_on_tablet=\u00a0\u00bb\u00a0\u00bb hide_bg_image_on_mobile=\u00a0\u00bb\u00a0\u00bb css=\u00a0\u00bb.vc_custom_1527690588959&Prime;][vc_column icons_position=\u00a0\u00bbleft\u00a0\u00bb][vc_empty_space height=\u00a0\u00bb4em\u00a0\u00bb alter_height=\u00a0\u00bbnone\u00a0\u00bb hide_on_desktop=\u00a0\u00bb\u00a0\u00bb hide_on_notebook=\u00a0\u00bb\u00a0\u00bb hide_on_tablet=\u00a0\u00bb\u00a0\u00bb hide_on_mobile=\u00a0\u00bb\u00a0\u00bb][vc_column_text css=\u00a0\u00bb\u00a0\u00bb]<\/p>\n<h4>Mentions L\u00e9gales<\/h4>\n<p>[\/vc_column_text][vc_empty_space height=\u00a0\u00bb4em\u00a0\u00bb alter_height=\u00a0\u00bbnone\u00a0\u00bb hide_on_desktop=\u00a0\u00bb\u00a0\u00bb hide_on_notebook=\u00a0\u00bb\u00a0\u00bb hide_on_tablet=\u00a0\u00bb\u00a0\u00bb hide_on_mobile=\u00a0\u00bb\u00a0\u00bb][\/vc_column][\/vc_row][vc_row hide_bg_image_on_tablet=\u00a0\u00bb\u00a0\u00bb hide_bg_image_on_mobile=\u00a0\u00bb\u00a0\u00bb css=\u00a0\u00bb.vc_custom_1527690597112&Prime;][vc_column icons_position=\u00a0\u00bbleft\u00a0\u00bb][vc_column_text css=\u00a0\u00bb\u00a0\u00bb]<strong>Mentions L\u00e9gales Hybrid Academy 26<\/strong><\/p>\n<p>Mentions l\u00e9gales \u2013 S\u00e9jours organis\u00e9s par Hybrid Academy<br \/>\n\u00c9diteur du site \/ Organisateur des s\u00e9jours<br \/>\nHYBRID ACADEMY<br \/>\nSARL AB COACHING<br \/>\nSIRET : 831 907 977 00019<br \/>\nCapital social : 6 000 \u20ac<br \/>\nSi\u00e8ge social : 12 rue Calmette, 26000 VALENCE, France<br \/>\nRepr\u00e9sent\u00e9e par : M. Samuel BESSON, en sa qualit\u00e9 de G\u00e9rant<br \/>\nAdresse e-mail : contact@hybridacademy26.fr<br \/>\nNum\u00e9ro de t\u00e9l\u00e9phone : 06 20 19 33 13<br \/>\nSite web : www.hybridacademy26.fr<\/p>\n<p><strong>Si\u00e8ge<\/strong><\/p>\n<p><span style=\"font-weight: 400;\">12 rue Calmette, 26000 VALENCE<\/span><\/p>\n<p><strong>H\u00e9bergement<\/strong><\/p>\n<p>Le site est h\u00e9berg\u00e9 par<\/p>\n<p>OVH 2, rue kellermann BP 80157<\/p>\n<p>59053 Roubaix.[\/vc_column_text][vc_empty_space height=\u00a0\u00bb4em\u00a0\u00bb alter_height=\u00a0\u00bbnone\u00a0\u00bb hide_on_desktop=\u00a0\u00bb\u00a0\u00bb hide_on_notebook=\u00a0\u00bb\u00a0\u00bb hide_on_tablet=\u00a0\u00bb\u00a0\u00bb hide_on_mobile=\u00a0\u00bb\u00a0\u00bb][\/vc_column][\/vc_row][vc_row hide_bg_image_on_tablet=\u00a0\u00bb\u00a0\u00bb hide_bg_image_on_mobile=\u00a0\u00bb\u00a0\u00bb css=\u00a0\u00bb.vc_custom_1527690588959&Prime;][vc_column icons_position=\u00a0\u00bbleft\u00a0\u00bb][vc_empty_space height=\u00a0\u00bb4em\u00a0\u00bb alter_height=\u00a0\u00bbnone\u00a0\u00bb hide_on_desktop=\u00a0\u00bb\u00a0\u00bb hide_on_notebook=\u00a0\u00bb\u00a0\u00bb hide_on_tablet=\u00a0\u00bb\u00a0\u00bb hide_on_mobile=\u00a0\u00bb\u00a0\u00bb][vc_column_text css=\u00a0\u00bb\u00a0\u00bb]<\/p>\n<h4>Conditions G\u00e9n\u00e9rales de Ventes<\/h4>\n<p>[\/vc_column_text][vc_empty_space height=\u00a0\u00bb4em\u00a0\u00bb alter_height=\u00a0\u00bbnone\u00a0\u00bb hide_on_desktop=\u00a0\u00bb\u00a0\u00bb hide_on_notebook=\u00a0\u00bb\u00a0\u00bb hide_on_tablet=\u00a0\u00bb\u00a0\u00bb hide_on_mobile=\u00a0\u00bb\u00a0\u00bb][\/vc_column][\/vc_row][vc_row hide_bg_image_on_tablet=\u00a0\u00bb\u00a0\u00bb hide_bg_image_on_mobile=\u00a0\u00bb\u00a0\u00bb][vc_column icons_position=\u00a0\u00bbleft\u00a0\u00bb][vc_column_text css=\u00a0\u00bb\u00a0\u00bb]<strong>Activit\u00e9s<\/strong><br \/>\nHybrid Academy organise des s\u00e9jours sportifs et bien-\u00eatre,<br \/>\ncomprenant notamment :<br \/>\n\u2022 Transport, h\u00e9bergement en pension compl\u00e8te<br \/>\n\u2022 Activit\u00e9s sportives encadr\u00e9es (renforcement musculaire, yoga,<br \/>\nnatation&#8230;)<br \/>\n\u2022 Conf\u00e9rences et ateliers bien-\u00eatre<br \/>\n\u2022 Acc\u00e8s aux \u00e9quipements (jacuzzi, cryoth\u00e9rapie&#8230;)<br \/>\n\u2022 Animations en soir\u00e9e<\/p>\n<p><strong>Responsabilit\u00e9<\/strong><br \/>\nHybrid Academy d\u00e9cline toute responsabilit\u00e9 :<br \/>\n\u2022 En cas de blessure li\u00e9e au non-respect des consignes<br \/>\n\u2022 En cas de perte, vol ou d\u00e9t\u00e9rioration de biens personnels<br \/>\n\u2022 En cas de force majeure (intemp\u00e9ries, restrictions sanitaires, etc.)<br \/>\nIl est recommand\u00e9 au participant de souscrire une assurance<br \/>\nresponsabilit\u00e9 civile et annulation.<\/p>\n<p>&nbsp;<\/p>\n<p><strong>Conditions de r\u00e9servation et d\u2019annulation<\/strong><br \/>\n\u2022 La r\u00e9servation est confirm\u00e9e \u00e0 r\u00e9ception de l\u2019acompte.<br \/>\n\u2022 En cas d\u2019annulation par le Client, l\u2019acompte est conserv\u00e9.<br \/>\n\u2022 En cas d\u2019annulation par l\u2019Organisateur, un remboursement int\u00e9gral<br \/>\nest effectu\u00e9, sans indemnit\u00e9 suppl\u00e9mentaire.<\/p>\n<p><strong>Donn\u00e9es personnelles (RGPD)<\/strong><br \/>\nLes donn\u00e9es collect\u00e9es sont utilis\u00e9es uniquement pour la gestion des<br \/>\ns\u00e9jours.<br \/>\nConform\u00e9ment au RGPD, chaque participant dispose d\u2019un droit d\u2019acc\u00e8s,<br \/>\nde rectification et de suppression de ses donn\u00e9es.<br \/>\nContact : contact@hybridacademy26.fr<br \/>\nAucune donn\u00e9e n\u2019est transmise \u00e0 des tiers sans consentement.<br \/>\nPropri\u00e9t\u00e9 intellectuelle<br \/>\nTous les contenus du site (textes, images, logos, vid\u00e9os) sont prot\u00e9g\u00e9s.<br \/>\nToute reproduction, totale ou partielle, sans autorisation est interdite.<br \/>\nM\u00e9diation \u00e0 la consommation<br \/>\nConform\u00e9ment \u00e0 l\u2019article L.612-1 du Code de la consommation, tout<br \/>\nconsommateur peut saisir un m\u00e9diateur en cas de litige non r\u00e9solu \u00e0<br \/>\nl\u2019amiable.<\/p>\n<p><strong>Droit applicable<\/strong><br \/>\nLe pr\u00e9sent site et les prestations propos\u00e9es sont soumis \u00e0 la loi<br \/>\nfran\u00e7aise.<br \/>\nComp\u00e9tence exclusive des tribunaux du ressort de Valence en cas de<br \/>\nlitige.<\/p>\n<p>[\/vc_column_text][vc_empty_space height=\u00a0\u00bb4em\u00a0\u00bb alter_height=\u00a0\u00bbnone\u00a0\u00bb hide_on_desktop=\u00a0\u00bb\u00a0\u00bb hide_on_notebook=\u00a0\u00bb\u00a0\u00bb hide_on_tablet=\u00a0\u00bb\u00a0\u00bb hide_on_mobile=\u00a0\u00bb\u00a0\u00bb][\/vc_column][\/vc_row][vc_row disable_element=\u00a0\u00bbyes\u00a0\u00bb hide_bg_image_on_tablet=\u00a0\u00bb\u00a0\u00bb hide_bg_image_on_mobile=\u00a0\u00bb\u00a0\u00bb][vc_column icons_position=\u00a0\u00bbleft\u00a0\u00bb][vc_column_text css=\u00a0\u00bb\u00a0\u00bb]<\/p>\n<p><span style=\"font-weight: 400;\">SARL AB COACHING<\/span><span style=\"font-weight: 400;\"><br \/>\n<\/span><span style=\"font-weight: 400;\">SIRET : 831 907 977 00019<\/span><span style=\"font-weight: 400;\"><br \/>\n<\/span><span style=\"font-weight: 400;\">Capital social : 6 000 \u20ac<\/span><span style=\"font-weight: 400;\"><br \/>\n<\/span><span style=\"font-weight: 400;\">Si\u00e8ge social : 12 rue Calmette, 26000 VALENCE<\/span><span style=\"font-weight: 400;\"><br \/>\n<\/span><span style=\"font-weight: 400;\">Repr\u00e9sent\u00e9e par M. Samuel BESSON, en sa qualit\u00e9 de g\u00e9rant,<\/span><\/p>\n<p>&nbsp;<\/p>\n<p><span style=\"font-weight: 400;\">Article 1 \u2013 Objet du contrat<\/span><\/p>\n<p><span style=\"font-weight: 400;\">Le pr\u00e9sent contrat a pour objet la r\u00e9servation d\u2019un s\u00e9jour sportif et bien-\u00eatre \u00e0 Apt, au Centre Ludisevasion, organis\u00e9 par l\u2019Organisateur, se d\u00e9roulant du \u2026\u2026\u2026 au \u2026\u2026\u2026 202\u2026.<\/span><\/p>\n<p><span style=\"font-weight: 400;\">Le s\u00e9jour comprend :<\/span><\/p>\n<ul>\n<li style=\"font-weight: 400;\" aria-level=\"1\"><span style=\"font-weight: 400;\">Le transport aller-retour,<\/span><\/li>\n<li style=\"font-weight: 400;\" aria-level=\"1\"><span style=\"font-weight: 400;\">L\u2019h\u00e9bergement en chalet (pension compl\u00e8te),<\/span><\/li>\n<li style=\"font-weight: 400;\" aria-level=\"1\"><span style=\"font-weight: 400;\">Les prestations sportives (renforcement musculaire, natation, yoga, conf\u00e9rences\u2026),<\/span><\/li>\n<li style=\"font-weight: 400;\" aria-level=\"1\"><span style=\"font-weight: 400;\">L\u2019acc\u00e8s aux installations bien-\u00eatre (jacuzzi, cryoth\u00e9rapie, etc.),<\/span><\/li>\n<li style=\"font-weight: 400;\" aria-level=\"1\"><span style=\"font-weight: 400;\">Les soir\u00e9es anim\u00e9es.<\/span><\/li>\n<\/ul>\n<p><span style=\"font-weight: 400;\">Article 2 \u2013 Co\u00fbt du s\u00e9jour<\/span><\/p>\n<p><span style=\"font-weight: 400;\">Le tarif total du s\u00e9jour est fix\u00e9 \u00e0 329 \u20ac TTC.<\/span><span style=\"font-weight: 400;\"><br \/>\n<\/span><span style=\"font-weight: 400;\">\u00c0 la signature du pr\u00e9sent contrat, un acompte de 50 %, soit 164,50 \u20ac, est exig\u00e9.<\/span><span style=\"font-weight: 400;\"><br \/>\n<\/span><span style=\"font-weight: 400;\">Le solde, soit 164,50 \u20ac, devra \u00eatre r\u00e9gl\u00e9 au plus tard 10 jours avant le d\u00e9but du s\u00e9jour.<\/span><\/p>\n<p><span style=\"font-weight: 400;\">Article 3 \u2013 Modalit\u00e9s de paiement<\/span><\/p>\n<p><span style=\"font-weight: 400;\">Les paiements peuvent \u00eatre effectu\u00e9s :<\/span><\/p>\n<ul>\n<li style=\"font-weight: 400;\" aria-level=\"1\"><span style=\"font-weight: 400;\">Par virement bancaire (coordonn\u00e9es fournies sur demande),<\/span><\/li>\n<li style=\"font-weight: 400;\" aria-level=\"1\"><span style=\"font-weight: 400;\">Par ch\u00e8que \u00e0 l\u2019ordre de SARL AB COACHING,<\/span><\/li>\n<li style=\"font-weight: 400;\" aria-level=\"1\"><span style=\"font-weight: 400;\">En esp\u00e8ces (contre re\u00e7u).<\/span><\/li>\n<\/ul>\n<p><span style=\"font-weight: 400;\">Une confirmation de paiement sera envoy\u00e9e au Client par mail apr\u00e8s encaissement.<\/span><\/p>\n<p><span style=\"font-weight: 400;\">Article 4 \u2013 Annulation<\/span><\/p>\n<ul>\n<li style=\"font-weight: 400;\" aria-level=\"1\"><span style=\"font-weight: 400;\">En cas d\u2019annulation par le Client, l\u2019acompte vers\u00e9 restera acquis \u00e0 l\u2019Organisateur \u00e0 titre de frais de r\u00e9servation.<\/span><\/li>\n<li style=\"font-weight: 400;\" aria-level=\"1\"><span style=\"font-weight: 400;\">En cas d\u2019annulation du s\u00e9jour par l\u2019Organisateur (cas de force majeure, effectif insuffisant, etc.), l\u2019int\u00e9gralit\u00e9 des sommes vers\u00e9es sera rembours\u00e9e au Client, sans qu\u2019aucune autre indemnit\u00e9 ne puisse \u00eatre r\u00e9clam\u00e9e.<\/span><\/li>\n<\/ul>\n<h5><\/h5>\n<p><span style=\"font-weight: 400;\">Article 5 \u2013 Responsabilit\u00e9<\/span><\/p>\n<p><span style=\"font-weight: 400;\">L\u2019Organisateur s\u2019engage \u00e0 mettre en \u0153uvre tous les moyens n\u00e9cessaires pour assurer le bon d\u00e9roulement du s\u00e9jour.<\/span><span style=\"font-weight: 400;\"><br \/>\n<\/span><span style=\"font-weight: 400;\">Il ne pourra \u00eatre tenu responsable des dommages, pertes, vols, ou blessures survenus pendant le s\u00e9jour, sauf en cas de faute grave ou de n\u00e9gligence av\u00e9r\u00e9e.<\/span><\/p>\n<p><span style=\"font-weight: 400;\">Article 6 \u2013 Acceptation des conditions g\u00e9n\u00e9rales de vente<\/span><\/p>\n<p><span style=\"font-weight: 400;\">Le Client reconna\u00eet avoir pris connaissance des pr\u00e9sentes conditions et les accepte sans r\u00e9serve.<\/span><span style=\"font-weight: 400;\"><br \/>\n<\/span><span style=\"font-weight: 400;\">La signature du pr\u00e9sent contrat vaut engagement ferme des deux parties.<\/span><\/p>\n<p><span style=\"font-weight: 400;\">Fait \u00e0 Valence, le \u2026\u2026\u2026\u2026\u2026\u2026\u2026\u2026\u2026\u2026\u2026<\/span><\/p>\n<p><span style=\"font-weight: 400;\">En deux exemplaires originaux.<\/span><\/p>\n<p><span style=\"font-weight: 400;\">Signatures :<\/span><\/p>\n<p><span style=\"font-weight: 400;\">Le Client<\/span><span style=\"font-weight: 400;\"><br \/>\n<\/span><span style=\"font-weight: 400;\">(Signature pr\u00e9c\u00e9d\u00e9e de la mention \u00ab\u00a0Lu et approuv\u00e9\u00a0\u00bb) :<\/span><span style=\"font-weight: 400;\"><br \/>\n<\/span><span style=\"font-weight: 400;\">&#8230;&#8230;&#8230;&#8230;&#8230;&#8230;&#8230;&#8230;&#8230;&#8230;&#8230;&#8230;&#8230;&#8230;&#8230;&#8230;&#8230;&#8230;&#8230;&#8230;&#8230;.<\/span><\/p>\n<p><span style=\"font-weight: 400;\">L\u2019Organisateur<\/span><span style=\"font-weight: 400;\"><br \/>\n<\/span><span style=\"font-weight: 400;\">SARL AB COACHING<\/span><span style=\"font-weight: 400;\"><br \/>\n<\/span><span style=\"font-weight: 400;\">&#8230;&#8230;&#8230;&#8230;&#8230;&#8230;&#8230;&#8230;&#8230;&#8230;&#8230;&#8230;&#8230;&#8230;&#8230;&#8230;&#8230;&#8230;&#8230;&#8230;&#8230;.<\/span><\/p>\n<p><span style=\"font-weight: 400;\">CONDITIONS G\u00c9N\u00c9RALES DE VENTE<\/span><\/p>\n<ol>\n<li><span style=\"font-weight: 400;\"> Champ d\u2019application<\/span><\/li>\n<\/ol>\n<p><span style=\"font-weight: 400;\">Les pr\u00e9sentes conditions g\u00e9n\u00e9rales s\u2019appliquent \u00e0 toutes les r\u00e9servations de s\u00e9jour conclues avec l\u2019Organisateur.<\/span><\/p>\n<ol start=\"2\">\n<li><span style=\"font-weight: 400;\"> R\u00e9servation<\/span><\/li>\n<\/ol>\n<p><span style=\"font-weight: 400;\">La r\u00e9servation devient d\u00e9finitive \u00e0 r\u00e9ception de l\u2019acompte. Un accus\u00e9 de r\u00e9ception est adress\u00e9 au Client.<\/span><\/p>\n<ol start=\"3\">\n<li><span style=\"font-weight: 400;\"> Modification<\/span><\/li>\n<\/ol>\n<p><span style=\"font-weight: 400;\">Toute demande de modification (dates, participant, etc.) devra \u00eatre faite par \u00e9crit et accept\u00e9e express\u00e9ment par l\u2019Organisateur.<\/span><\/p>\n<ol start=\"4\">\n<li><span style=\"font-weight: 400;\"> Droit applicable<\/span><\/li>\n<\/ol>\n<p><span style=\"font-weight: 400;\">Le pr\u00e9sent contrat est soumis \u00e0 la loi fran\u00e7aise. En cas de litige, les parties s\u2019efforceront de trouver une solution amiable avant toute proc\u00e9dure judiciaire.<\/span><\/p>\n<ol start=\"5\">\n<li><span style=\"font-weight: 400;\"> Donn\u00e9es personnelles (RGPD)<\/span><\/li>\n<\/ol>\n<p><span style=\"font-weight: 400;\">Les donn\u00e9es collect\u00e9es dans le cadre de ce contrat sont strictement r\u00e9serv\u00e9es \u00e0 la gestion du s\u00e9jour.<\/span><span style=\"font-weight: 400;\"><br \/>\n<\/span><span style=\"font-weight: 400;\">Le Client dispose d\u2019un droit d\u2019acc\u00e8s, de rectification et de suppression de ses donn\u00e9es, en contactant : contact@hybridacademy26.fr.<\/span><\/p>\n<h5><\/h5>\n<p>[\/vc_column_text][vc_empty_space height=\u00a0\u00bb4em\u00a0\u00bb alter_height=\u00a0\u00bbnone\u00a0\u00bb hide_on_desktop=\u00a0\u00bb\u00a0\u00bb hide_on_notebook=\u00a0\u00bb\u00a0\u00bb hide_on_tablet=\u00a0\u00bb\u00a0\u00bb hide_on_mobile=\u00a0\u00bb\u00a0\u00bb][\/vc_column][\/vc_row][vc_row][vc_column icons_position=\u00a0\u00bbleft\u00a0\u00bb][vc_empty_space height=\u00a0\u00bb8em\u00a0\u00bb alter_height=\u00a0\u00bbnone\u00a0\u00bb hide_on_desktop=\u00a0\u00bb\u00a0\u00bb hide_on_notebook=\u00a0\u00bb\u00a0\u00bb hide_on_tablet=\u00a0\u00bb\u00a0\u00bb hide_on_mobile=\u00a0\u00bb\u00a0\u00bb][\/vc_column][\/vc_row]<\/p>\n<\/div>","protected":false},"excerpt":{"rendered":"<p>[vc_row hide_bg_image_on_tablet=\u00a0\u00bb\u00a0\u00bb hide_bg_image_on_mobile=\u00a0\u00bb\u00a0\u00bb css=\u00a0\u00bb.vc_custom_1527690588959&Prime;][vc_column icons_position=\u00a0\u00bbleft\u00a0\u00bb][vc_empty_space height=\u00a0\u00bb4em\u00a0\u00bb alter_height=\u00a0\u00bbnone\u00a0\u00bb hide_on_desktop=\u00a0\u00bb\u00a0\u00bb hide_on_notebook=\u00a0\u00bb\u00a0\u00bb hide_on_tablet=\u00a0\u00bb\u00a0\u00bb hide_on_mobile=\u00a0\u00bb\u00a0\u00bb][vc_column_text css=\u00a0\u00bb\u00a0\u00bb] Mentions L\u00e9gales [\/vc_column_text][vc_empty_space height=\u00a0\u00bb4em\u00a0\u00bb alter_height=\u00a0\u00bbnone\u00a0\u00bb hide_on_desktop=\u00a0\u00bb\u00a0\u00bb hide_on_notebook=\u00a0\u00bb\u00a0\u00bb hide_on_tablet=\u00a0\u00bb\u00a0\u00bb hide_on_mobile=\u00a0\u00bb\u00a0\u00bb][\/vc_column][\/vc_row][vc_row hide_bg_image_on_tablet=\u00a0\u00bb\u00a0\u00bb hide_bg_image_on_mobile=\u00a0\u00bb\u00a0\u00bb css=\u00a0\u00bb.vc_custom_1527690597112&Prime;][vc_column icons_position=\u00a0\u00bbleft\u00a0\u00bb][vc_column_text css=\u00a0\u00bb\u00a0\u00bb]Mentions L\u00e9gales Hybrid Academy 26 Mentions l\u00e9gales \u2013 S\u00e9jours organis\u00e9s par Hybrid Academy \u00c9diteur du site \/ Organisateur des s\u00e9jours HYBRID ACADEMY SARL AB COACHING SIRET : 831 907 977 [&hellip;]<\/p>\n","protected":false},"author":1,"featured_media":0,"parent":0,"menu_order":0,"comment_status":"closed","ping_status":"closed","template":"","meta":{"footnotes":""},"class_list":["post-1935","page","type-page","status-publish","hentry"],"_links":{"self":[{"href":"https:\/\/hybridacademy26.fr\/index.php\/wp-json\/wp\/v2\/pages\/1935","targetHints":{"allow":["GET"]}}],"collection":[{"href":"https:\/\/hybridacademy26.fr\/index.php\/wp-json\/wp\/v2\/pages"}],"about":[{"href":"https:\/\/hybridacademy26.fr\/index.php\/wp-json\/wp\/v2\/types\/page"}],"author":[{"embeddable":true,"href":"https:\/\/hybridacademy26.fr\/index.php\/wp-json\/wp\/v2\/users\/1"}],"replies":[{"embeddable":true,"href":"https:\/\/hybridacademy26.fr\/index.php\/wp-json\/wp\/v2\/comments?post=1935"}],"version-history":[{"count":10,"href":"https:\/\/hybridacademy26.fr\/index.php\/wp-json\/wp\/v2\/pages\/1935\/revisions"}],"predecessor-version":[{"id":3030,"href":"https:\/\/hybridacademy26.fr\/index.php\/wp-json\/wp\/v2\/pages\/1935\/revisions\/3030"}],"wp:attachment":[{"href":"https:\/\/hybridacademy26.fr\/index.php\/wp-json\/wp\/v2\/media?parent=1935"}],"curies":[{"name":"wp","href":"https:\/\/api.w.org\/{rel}","templated":true}]}}