{"id":12,"date":"2015-12-11T13:53:23","date_gmt":"2015-12-11T13:53:23","guid":{"rendered":"https:\/\/hybridacademy26.fr\/www\/hybridacademy\/?page_id=12"},"modified":"2025-06-25T23:03:17","modified_gmt":"2025-06-25T21:03:17","slug":"home-2","status":"publish","type":"page","link":"https:\/\/hybridacademy26.fr\/","title":{"rendered":"Home 2"},"content":{"rendered":"<div class=\"wpb-content-wrapper\"><p>[vc_row full_width=\u00a0\u00bbstretch_row\u00a0\u00bb][vc_column]<div class=\"sc_content content_wrap\" style=\"padding: 4em 0 4.25em 0;\"><h2 class=\"sc_title sc_title_regular sc_align_center\" style=\"text-align:center;\">Bienvenue sur le site <span style=\"color: #70a903;\"># Hybrid Academy 26<\/span> l&rsquo;espace de pr\u00e9sentation de nos s\u00e9jours<\/h2>[vc_empty_space][vc_column_text css=\u00a0\u00bb.vc_custom_1750107866540{margin-top: 12px !important;margin-bottom: -10px !important;}\u00a0\u00bb]<\/p>\n<p style=\"text-align: center; font-size: 1.111em; line-height: 30px;\">Le concept est simple, proposer une \u00e9vasion aux personnes d\u00e9sirant alli\u00e9 Sport, Relaxation, Gastronomie &amp; Fun !<\/p>\n<p>&nbsp;<\/p>\n<p>\u00c9vadez-vous le temps de quelques jours et d\u00e9couvrez l&rsquo;harmonie parfaite entre sport, d\u00e9tente et gastronomie. Que vous soyez un passionn\u00e9 d&rsquo;aventure ou un amateur de moments de relaxation, nous avons con\u00e7u des s\u00e9jours qui r\u00e9pondent \u00e0 toutes vos envies.<\/p>\n<p>&nbsp;<\/p>\n<p>Imaginez-vous au c\u0153ur de paysages magnifiques, o\u00f9 l&rsquo;air frais et les activit\u00e9s sportives se conjuguent \u00e0 la douceur des pauses bien-\u00eatre.<\/p>\n<p>Que ce soit pour pratiquer votre activit\u00e9 favorite, d\u00e9couvrir de nouveaux sports ou simplement profiter de la nature, chaque escapade est pens\u00e9e pour vous offrir un \u00e9quilibre id\u00e9al.<\/p>\n<p>&nbsp;<\/p>\n<p>Apr\u00e8s une journ\u00e9e active, laissez-vous s\u00e9duire par des exp\u00e9riences culinaires vari\u00e9es. Savourez des plats pr\u00e9par\u00e9s avec soin, pour un moment de partage et de convivialit\u00e9.<\/p>\n<p>&nbsp;<\/p>\n<p>Sur notre site, explorez les diff\u00e9rentes destinations et s\u00e9jours que nous vous proposons.<\/p>\n<p>&nbsp;<\/p>\n<p>Chacune de nos escapades est une invitation \u00e0 renouer avec soi-m\u00eame, \u00e0 se ressourcer et \u00e0 c\u00e9l\u00e9brer le plaisir du mouvement.<\/p>\n<p>&nbsp;<\/p>\n<p>Embarquez pour une exp\u00e9rience de bien-\u00eatre o\u00f9 le sport et la gastronomie se rencontrent, tout en prenant le temps de d\u00e9compresser.<\/p>\n<p>&nbsp;<\/p>\n<p style=\"text-align: center;\">Votre prochaine aventure vous attend ici !<\/p>\n<p>[\/vc_column_text]<\/div>[\/vc_column][\/vc_row][vc_row full_width=\u00a0\u00bbstretch_row\u00a0\u00bb disable_element=\u00a0\u00bbyes\u00a0\u00bb][vc_column]<div class=\"sc_content content_wrap\" style=\"padding: 4em 0 4.25em 0;\"><a href=\"\/locations\/\" class=\"sc_button sc_button_square sc_button_style_style1 sc_button_size_small aligncenter\" style=\"margin-top: 3em;width:130px;\">get started<\/a><\/div>[\/vc_column][\/vc_row][vc_row full_width=\u00a0\u00bbstretch_row\u00a0\u00bb][vc_column]<div class=\"sc_content content_wrap\" style=\"padding: 4em 0 4.25em 0;\">[vc_gallery interval=\u00a0\u00bb3&Prime; images=\u00a0\u00bb2833,2838,2829,2840,2822,2820,2825,2842,2859,2854,2849,2841,2827,2836,2850,2852,2855&Prime; img_size=\u00a0\u00bbmedium\u00a0\u00bb onclick=\u00a0\u00bb\u00a0\u00bb css=\u00a0\u00bb\u00a0\u00bb]<video class=\"sc_video\" src=\"https:\/\/hybridacademy26.fr\/wp-content\/uploads\/2025\/06\/presentation.mp4\" width=\"100%\" height=\"\" data-width=\"100%\" data-height=\"\" data-ratio=\"4:3\" data-align=\"center\" style=\"````width:100%;\" controls=\"controls\" loop=\"loop\"><\/video><\/div>[\/vc_column][\/vc_row][vc_row full_width=\u00a0\u00bbstretch_row\u00a0\u00bb disable_element=\u00a0\u00bbyes\u00a0\u00bb css=\u00a0\u00bb.vc_custom_1749938571497{background-color: #141516 !important;}\u00a0\u00bb][vc_column]<div class=\"sc_content content_wrap\" style=\"padding: 5em 0 2.55em 0;\"><div id=\"sc_team_1856070375_wrap\" class=\"sc_team_wrap\"><div id=\"sc_team_1856070375\" class=\"sc_team sc_team_style_team-1  sc_slider_nopagination sc_slider_nocontrols\" style=\"width:100%;\" data-interval=\"7700\" data-slides-per-view=\"4\" data-slides-min-width=\"250\"><h6 class=\"sc_team_subtitle sc_item_subtitle\">Our Coaches<\/h6><h2 class=\"sc_team_title sc_item_title\">Best Proffessionals<\/h2><div class=\"sc_columns columns_wrap\"><div class=\"column-1_4 column_padding_bottom\">\t\t\t<div id=\"sc_team_1856070375_1\"\t\t\t\tclass=\"sc_team_item sc_team_item_1 odd first\"\n\t\t\t\t>\n\t\t\t\t<div class=\"sc_team_item_avatar\"><a href=\"https:\/\/hybridacademy26.fr\/index.php\/team\/arslan\/\"><img loading=\"lazy\" decoding=\"async\" class=\"wp-post-image\" width=\"370\" height=\"340\" alt=\"Arslan\" src=\"https:\/\/hybridacademy26.fr\/wp-content\/uploads\/2025\/07\/Arslan-370x340.png\"><span class=\"hovered_team_item icon-plus\"><\/span><\/a><\/div>\n\t\t\t\t<div class=\"sc_team_item_info\">\n\t\t\t\t\t<h5 class=\"sc_team_item_title\"><a href=\"https:\/\/hybridacademy26.fr\/index.php\/team\/arslan\/\">Arslan<\/a><\/h5>\n\t\t\t\t\t<div class=\"sc_team_item_description\">[vc_row][vc_column][\/vc_column][\/vc_row][vc_row disable_element=\u00a0\u00bbyes\u00a0\u00bb][vc_column][\/vc_column][\/vc_row]<\/div>\n\t\t\t\t\t<div class=\"sc_team_item_more\"><a href=\"https:\/\/hybridacademy26.fr\/index.php\/team\/arslan\/\">more<\/a><\/div>\t\t\t\t\t\t\t\t\t<\/div>\n\t\t\t<\/div>\n\t\t<\/div><div class=\"column-1_4 column_padding_bottom\">\t\t\t<div id=\"sc_team_1856070375_2\"\t\t\t\tclass=\"sc_team_item sc_team_item_2 even\"\n\t\t\t\t>\n\t\t\t\t<div class=\"sc_team_item_avatar\"><a href=\"https:\/\/hybridacademy26.fr\/index.php\/team\/benjamin\/\"><img loading=\"lazy\" decoding=\"async\" class=\"wp-post-image\" width=\"370\" height=\"340\" alt=\"Benjamin\" src=\"https:\/\/hybridacademy26.fr\/wp-content\/uploads\/2025\/07\/Benjamin-370x340.png\"><span class=\"hovered_team_item icon-plus\"><\/span><\/a><\/div>\n\t\t\t\t<div class=\"sc_team_item_info\">\n\t\t\t\t\t<h5 class=\"sc_team_item_title\"><a href=\"https:\/\/hybridacademy26.fr\/index.php\/team\/benjamin\/\">Benjamin<\/a><\/h5>\n\t\t\t\t\t<div class=\"sc_team_item_description\">[vc_row][vc_column][\/vc_column][\/vc_row][vc_row disable_element=\u00a0\u00bbyes\u00a0\u00bb][vc_column][\/vc_column][\/vc_row]<\/div>\n\t\t\t\t\t<div class=\"sc_team_item_more\"><a href=\"https:\/\/hybridacademy26.fr\/index.php\/team\/benjamin\/\">more<\/a><\/div>\t\t\t\t\t\t\t\t\t<\/div>\n\t\t\t<\/div>\n\t\t<\/div><div class=\"column-1_4 column_padding_bottom\">\t\t\t<div id=\"sc_team_1856070375_3\"\t\t\t\tclass=\"sc_team_item sc_team_item_3 odd\"\n\t\t\t\t>\n\t\t\t\t<div class=\"sc_team_item_avatar\"><a href=\"https:\/\/hybridacademy26.fr\/index.php\/team\/khoren\/\"><img loading=\"lazy\" decoding=\"async\" class=\"wp-post-image\" width=\"370\" height=\"340\" alt=\"Khoren\" src=\"https:\/\/hybridacademy26.fr\/wp-content\/uploads\/2025\/07\/Khoren-370x340.png\"><span class=\"hovered_team_item icon-plus\"><\/span><\/a><\/div>\n\t\t\t\t<div class=\"sc_team_item_info\">\n\t\t\t\t\t<h5 class=\"sc_team_item_title\"><a href=\"https:\/\/hybridacademy26.fr\/index.php\/team\/khoren\/\">Khoren<\/a><\/h5>\n\t\t\t\t\t<div class=\"sc_team_item_description\">[vc_row][vc_column][\/vc_column][\/vc_row][vc_row disable_element=\u00a0\u00bbyes\u00a0\u00bb][vc_column][\/vc_column][\/vc_row]<\/div>\n\t\t\t\t\t<div class=\"sc_team_item_more\"><a href=\"https:\/\/hybridacademy26.fr\/index.php\/team\/khoren\/\">more<\/a><\/div>\t\t\t\t\t\t\t\t\t<\/div>\n\t\t\t<\/div>\n\t\t<\/div><div class=\"column-1_4 column_padding_bottom\">\t\t\t<div id=\"sc_team_1856070375_4\"\t\t\t\tclass=\"sc_team_item sc_team_item_4 even\"\n\t\t\t\t>\n\t\t\t\t<div class=\"sc_team_item_avatar\"><a href=\"https:\/\/hybridacademy26.fr\/index.php\/team\/sam\/\"><img loading=\"lazy\" decoding=\"async\" class=\"wp-post-image\" width=\"370\" height=\"340\" alt=\"Sam\" src=\"https:\/\/hybridacademy26.fr\/wp-content\/uploads\/2025\/07\/Sam-370x340.png\"><span class=\"hovered_team_item icon-plus\"><\/span><\/a><\/div>\n\t\t\t\t<div class=\"sc_team_item_info\">\n\t\t\t\t\t<h5 class=\"sc_team_item_title\"><a href=\"https:\/\/hybridacademy26.fr\/index.php\/team\/sam\/\">Sam<\/a><\/h5>\n\t\t\t\t\t<div class=\"sc_team_item_description\">[vc_row][vc_column][\/vc_column][\/vc_row][vc_row disable_element=\u00a0\u00bbyes\u00a0\u00bb][vc_column][\/vc_column][\/vc_row]<\/div>\n\t\t\t\t\t<div class=\"sc_team_item_more\"><a href=\"https:\/\/hybridacademy26.fr\/index.php\/team\/sam\/\">more<\/a><\/div>\t\t\t\t\t\t\t\t\t<\/div>\n\t\t\t<\/div>\n\t\t<\/div><\/div><\/div><!-- \/.sc_team --><\/div><!-- \/.sc_team_wrap --><\/div>[\/vc_column][\/vc_row][vc_row full_width=\u00a0\u00bbstretch_row_content_no_spaces\u00a0\u00bb css=\u00a0\u00bb.vc_custom_1749949893874{background-color: #70a903 !important;}\u00a0\u00bb][vc_column]<div class=\"sc_content content_wrap home-1-block-4 \" style=\"padding: 2.8em 0 0.9em;\"><h3 class=\"sc_title sc_title_regular sc_align_center\" style=\"text-align:center;color:#FFFFFF;\">Je commence l&rsquo;aventure<\/h3><a href=\"https:\/\/docs.google.com\/forms\/d\/e\/1FAIpQLSfhyWLkJAJyMzeXr9Wj7VQu1pyYaCSmsU3DUA2nEUnd6sIw2g\/viewform\" class=\"sc_button sc_button_square sc_button_style_style2 sc_button_size_medium aligncenter\" style=\"color:#FFFFFF;background-color:#63953F; border-color:#63953F;\">ICI<\/a><\/div>[\/vc_column][\/vc_row]<\/p>\n<\/div>","protected":false},"excerpt":{"rendered":"<p>[vc_row full_width=\u00a0\u00bbstretch_row\u00a0\u00bb][vc_column][\/vc_column][\/vc_row][vc_row full_width=\u00a0\u00bbstretch_row\u00a0\u00bb disable_element=\u00a0\u00bbyes\u00a0\u00bb][vc_column][\/vc_column][\/vc_row][vc_row full_width=\u00a0\u00bbstretch_row\u00a0\u00bb][vc_column][\/vc_column][\/vc_row][vc_row full_width=\u00a0\u00bbstretch_row\u00a0\u00bb disable_element=\u00a0\u00bbyes\u00a0\u00bb css=\u00a0\u00bb.vc_custom_1749938571497{background-color: #141516 !important;}\u00a0\u00bb][vc_column][\/vc_column][\/vc_row][vc_row full_width=\u00a0\u00bbstretch_row_content_no_spaces\u00a0\u00bb css=\u00a0\u00bb.vc_custom_1749949893874{background-color: #70a903 !important;}\u00a0\u00bb][vc_column][\/vc_column][\/vc_row]<\/p>\n","protected":false},"author":1,"featured_media":0,"parent":0,"menu_order":0,"comment_status":"closed","ping_status":"closed","template":"","meta":{"footnotes":""},"class_list":["post-12","page","type-page","status-publish","hentry"],"_links":{"self":[{"href":"https:\/\/hybridacademy26.fr\/index.php\/wp-json\/wp\/v2\/pages\/12","targetHints":{"allow":["GET"]}}],"collection":[{"href":"https:\/\/hybridacademy26.fr\/index.php\/wp-json\/wp\/v2\/pages"}],"about":[{"href":"https:\/\/hybridacademy26.fr\/index.php\/wp-json\/wp\/v2\/types\/page"}],"author":[{"embeddable":true,"href":"https:\/\/hybridacademy26.fr\/index.php\/wp-json\/wp\/v2\/users\/1"}],"replies":[{"embeddable":true,"href":"https:\/\/hybridacademy26.fr\/index.php\/wp-json\/wp\/v2\/comments?post=12"}],"version-history":[{"count":41,"href":"https:\/\/hybridacademy26.fr\/index.php\/wp-json\/wp\/v2\/pages\/12\/revisions"}],"predecessor-version":[{"id":3036,"href":"https:\/\/hybridacademy26.fr\/index.php\/wp-json\/wp\/v2\/pages\/12\/revisions\/3036"}],"wp:attachment":[{"href":"https:\/\/hybridacademy26.fr\/index.php\/wp-json\/wp\/v2\/media?parent=12"}],"curies":[{"name":"wp","href":"https:\/\/api.w.org\/{rel}","templated":true}]}}